{"id":109,"date":"2025-08-14T04:17:53","date_gmt":"2025-08-14T04:17:53","guid":{"rendered":"http:\/\/localhost:8888\/innovationshop\/?post_type=product&#038;p=109"},"modified":"2025-09-26T03:30:42","modified_gmt":"2025-09-26T03:30:42","slug":"camera-de-surveillance-wifi-360-vision-secure","status":"publish","type":"product","link":"https:\/\/innovationshopweb.com\/index.php\/product\/camera-de-surveillance-wifi-360-vision-secure\/","title":{"rendered":"Cam\u00e9ra de Surveillance WiFi 360\u00b0 \u2013 Vision Secure"},"content":{"rendered":"<p>S\u00e9curit\u00e9 avanc\u00e9e avec d\u00e9tection de mouvement, vision nocturne infrarouge et application mobile. Id\u00e9ale pour maisons, boutiques et bureaux.<\/p>\n","protected":false},"excerpt":{"rendered":"<p>S\u00e9curit\u00e9 avanc\u00e9e avec d\u00e9tection de mouvement, vision nocturne infrarouge et application mobile. Id\u00e9ale pour maisons, boutiques et bureaux.<\/p>\n","protected":false},"featured_media":173,"comment_status":"open","ping_status":"closed","template":"","meta":[],"product_brand":[],"product_cat":[25],"product_tag":[],"class_list":{"0":"post-109","1":"product","2":"type-product","3":"status-publish","4":"has-post-thumbnail","6":"product_cat-systeme-de-securite","8":"first","9":"instock","10":"sale","11":"shipping-taxable","12":"purchasable","13":"product-type-simple"},"_links":{"self":[{"href":"https:\/\/innovationshopweb.com\/index.php\/wp-json\/wp\/v2\/product\/109","targetHints":{"allow":["GET"]}}],"collection":[{"href":"https:\/\/innovationshopweb.com\/index.php\/wp-json\/wp\/v2\/product"}],"about":[{"href":"https:\/\/innovationshopweb.com\/index.php\/wp-json\/wp\/v2\/types\/product"}],"replies":[{"embeddable":true,"href":"https:\/\/innovationshopweb.com\/index.php\/wp-json\/wp\/v2\/comments?post=109"}],"wp:featuredmedia":[{"embeddable":true,"href":"https:\/\/innovationshopweb.com\/index.php\/wp-json\/wp\/v2\/media\/173"}],"wp:attachment":[{"href":"https:\/\/innovationshopweb.com\/index.php\/wp-json\/wp\/v2\/media?parent=109"}],"wp:term":[{"taxonomy":"product_brand","embeddable":true,"href":"https:\/\/innovationshopweb.com\/index.php\/wp-json\/wp\/v2\/product_brand?post=109"},{"taxonomy":"product_cat","embeddable":true,"href":"https:\/\/innovationshopweb.com\/index.php\/wp-json\/wp\/v2\/product_cat?post=109"},{"taxonomy":"product_tag","embeddable":true,"href":"https:\/\/innovationshopweb.com\/index.php\/wp-json\/wp\/v2\/product_tag?post=109"}],"curies":[{"name":"wp","href":"https:\/\/api.w.org\/{rel}","templated":true}]}}