{"id":329,"date":"2025-10-28T16:26:59","date_gmt":"2025-10-28T16:26:59","guid":{"rendered":"https:\/\/innovationshopweb.com\/?post_type=product&#038;p=329"},"modified":"2025-10-28T16:45:13","modified_gmt":"2025-10-28T16:45:13","slug":"chambre-a-coucher-complete","status":"publish","type":"product","link":"https:\/\/innovationshopweb.com\/index.php\/product\/chambre-a-coucher-complete\/","title":{"rendered":"Chambre \u00e0 coucher Complete"},"content":{"rendered":"<p>D\u00e9couvrir nos magnifiques chambres \u00e0 coucher compl\u00e8te pour \u00e9quiper votre espace de sommeil \u00e0 des prix imbattables<a href=\"https:\/\/innovationshopweb.com\/wp-content\/uploads\/2025\/10\/Orange-Black-Minimalist-Graphic-Design-Agency-Facebook-Post_20251028_155116_0000.png\"><img loading=\"lazy\" decoding=\"async\" class=\"alignnone size-medium wp-image-333\" src=\"https:\/\/innovationshopweb.com\/wp-content\/uploads\/2025\/10\/Orange-Black-Minimalist-Graphic-Design-Agency-Facebook-Post_20251028_155116_0000-300x251.png\" alt=\"\" width=\"300\" height=\"251\" srcset=\"https:\/\/innovationshopweb.com\/wp-content\/uploads\/2025\/10\/Orange-Black-Minimalist-Graphic-Design-Agency-Facebook-Post_20251028_155116_0000-300x251.png 300w, https:\/\/innovationshopweb.com\/wp-content\/uploads\/2025\/10\/Orange-Black-Minimalist-Graphic-Design-Agency-Facebook-Post_20251028_155116_0000-768x644.png 768w, https:\/\/innovationshopweb.com\/wp-content\/uploads\/2025\/10\/Orange-Black-Minimalist-Graphic-Design-Agency-Facebook-Post_20251028_155116_0000-14x12.png 14w, https:\/\/innovationshopweb.com\/wp-content\/uploads\/2025\/10\/Orange-Black-Minimalist-Graphic-Design-Agency-Facebook-Post_20251028_155116_0000-600x503.png 600w, https:\/\/innovationshopweb.com\/wp-content\/uploads\/2025\/10\/Orange-Black-Minimalist-Graphic-Design-Agency-Facebook-Post_20251028_155116_0000.png 940w\" sizes=\"auto, (max-width: 300px) 100vw, 300px\" \/><\/a> <a href=\"https:\/\/innovationshopweb.com\/wp-content\/uploads\/2025\/10\/Orange-Black-Minimalist-Graphic-Design-Agency-Facebook-Post_20251028_154751_0000.png\"><img loading=\"lazy\" decoding=\"async\" class=\"alignnone size-medium wp-image-334\" src=\"https:\/\/innovationshopweb.com\/wp-content\/uploads\/2025\/10\/Orange-Black-Minimalist-Graphic-Design-Agency-Facebook-Post_20251028_154751_0000-300x251.png\" alt=\"\" width=\"300\" height=\"251\" srcset=\"https:\/\/innovationshopweb.com\/wp-content\/uploads\/2025\/10\/Orange-Black-Minimalist-Graphic-Design-Agency-Facebook-Post_20251028_154751_0000-300x251.png 300w, https:\/\/innovationshopweb.com\/wp-content\/uploads\/2025\/10\/Orange-Black-Minimalist-Graphic-Design-Agency-Facebook-Post_20251028_154751_0000-768x644.png 768w, https:\/\/innovationshopweb.com\/wp-content\/uploads\/2025\/10\/Orange-Black-Minimalist-Graphic-Design-Agency-Facebook-Post_20251028_154751_0000-14x12.png 14w, https:\/\/innovationshopweb.com\/wp-content\/uploads\/2025\/10\/Orange-Black-Minimalist-Graphic-Design-Agency-Facebook-Post_20251028_154751_0000-600x503.png 600w, https:\/\/innovationshopweb.com\/wp-content\/uploads\/2025\/10\/Orange-Black-Minimalist-Graphic-Design-Agency-Facebook-Post_20251028_154751_0000.png 940w\" sizes=\"auto, (max-width: 300px) 100vw, 300px\" \/><\/a><\/p>\n","protected":false},"excerpt":{"rendered":"<p>D\u00e9couvrir nos magnifiques chambres \u00e0 coucher compl\u00e8te pour \u00e9quiper votre espace de sommeil \u00e0 des prix imbattables<\/p>\n","protected":false},"featured_media":334,"comment_status":"open","ping_status":"closed","template":"","meta":[],"product_brand":[],"product_cat":[23],"product_tag":[],"class_list":{"0":"post-329","1":"product","2":"type-product","3":"status-publish","4":"has-post-thumbnail","6":"product_cat-meubles","8":"first","9":"instock","10":"sale","11":"shipping-taxable","12":"purchasable","13":"product-type-simple"},"_links":{"self":[{"href":"https:\/\/innovationshopweb.com\/index.php\/wp-json\/wp\/v2\/product\/329","targetHints":{"allow":["GET"]}}],"collection":[{"href":"https:\/\/innovationshopweb.com\/index.php\/wp-json\/wp\/v2\/product"}],"about":[{"href":"https:\/\/innovationshopweb.com\/index.php\/wp-json\/wp\/v2\/types\/product"}],"replies":[{"embeddable":true,"href":"https:\/\/innovationshopweb.com\/index.php\/wp-json\/wp\/v2\/comments?post=329"}],"wp:featuredmedia":[{"embeddable":true,"href":"https:\/\/innovationshopweb.com\/index.php\/wp-json\/wp\/v2\/media\/334"}],"wp:attachment":[{"href":"https:\/\/innovationshopweb.com\/index.php\/wp-json\/wp\/v2\/media?parent=329"}],"wp:term":[{"taxonomy":"product_brand","embeddable":true,"href":"https:\/\/innovationshopweb.com\/index.php\/wp-json\/wp\/v2\/product_brand?post=329"},{"taxonomy":"product_cat","embeddable":true,"href":"https:\/\/innovationshopweb.com\/index.php\/wp-json\/wp\/v2\/product_cat?post=329"},{"taxonomy":"product_tag","embeddable":true,"href":"https:\/\/innovationshopweb.com\/index.php\/wp-json\/wp\/v2\/product_tag?post=329"}],"curies":[{"name":"wp","href":"https:\/\/api.w.org\/{rel}","templated":true}]}}