{"id":358,"date":"2025-10-28T16:33:48","date_gmt":"2025-10-28T16:33:48","guid":{"rendered":"https:\/\/innovationshopweb.com\/?post_type=product&#038;p=358"},"modified":"2025-10-28T16:44:18","modified_gmt":"2025-10-28T16:44:18","slug":"camera-solaire-4g","status":"publish","type":"product","link":"https:\/\/innovationshopweb.com\/index.php\/product\/camera-solaire-4g\/","title":{"rendered":"CAMERA SOLAIRE 4G"},"content":{"rendered":"<p>&nbsp;<\/p>\n<p>&nbsp;<\/p>\n<p>Camera solaire 4G 1080P<\/p>\n<p>Pour surveiller vos biens m\u00eame en l&#8217;absence D&#8217;\u00e9lectricit\u00e9 <a href=\"https:\/\/innovationshopweb.com\/wp-content\/uploads\/2025\/10\/IMG-20251028-WA0104.jpg\"><img loading=\"lazy\" decoding=\"async\" class=\"alignnone size-medium wp-image-354\" src=\"https:\/\/innovationshopweb.com\/wp-content\/uploads\/2025\/10\/IMG-20251028-WA0104-300x251.jpg\" alt=\"\" width=\"300\" height=\"251\" srcset=\"https:\/\/innovationshopweb.com\/wp-content\/uploads\/2025\/10\/IMG-20251028-WA0104-300x251.jpg 300w, https:\/\/innovationshopweb.com\/wp-content\/uploads\/2025\/10\/IMG-20251028-WA0104-768x644.jpg 768w, https:\/\/innovationshopweb.com\/wp-content\/uploads\/2025\/10\/IMG-20251028-WA0104-14x12.jpg 14w, https:\/\/innovationshopweb.com\/wp-content\/uploads\/2025\/10\/IMG-20251028-WA0104-600x503.jpg 600w, https:\/\/innovationshopweb.com\/wp-content\/uploads\/2025\/10\/IMG-20251028-WA0104.jpg 940w\" sizes=\"auto, (max-width: 300px) 100vw, 300px\" \/><\/a><\/p>\n","protected":false},"excerpt":{"rendered":"<p>&nbsp; &nbsp; Camera solaire 4G 1080P Pour surveiller vos biens m\u00eame en l&#8217;absence D&#8217;\u00e9lectricit\u00e9<\/p>\n","protected":false},"featured_media":354,"comment_status":"open","ping_status":"closed","template":"","meta":[],"product_brand":[],"product_cat":[15],"product_tag":[],"class_list":{"0":"post-358","1":"product","2":"type-product","3":"status-publish","4":"has-post-thumbnail","6":"product_cat-uncategorized","8":"first","9":"instock","10":"sale","11":"shipping-taxable","12":"purchasable","13":"product-type-simple"},"_links":{"self":[{"href":"https:\/\/innovationshopweb.com\/index.php\/wp-json\/wp\/v2\/product\/358","targetHints":{"allow":["GET"]}}],"collection":[{"href":"https:\/\/innovationshopweb.com\/index.php\/wp-json\/wp\/v2\/product"}],"about":[{"href":"https:\/\/innovationshopweb.com\/index.php\/wp-json\/wp\/v2\/types\/product"}],"replies":[{"embeddable":true,"href":"https:\/\/innovationshopweb.com\/index.php\/wp-json\/wp\/v2\/comments?post=358"}],"wp:featuredmedia":[{"embeddable":true,"href":"https:\/\/innovationshopweb.com\/index.php\/wp-json\/wp\/v2\/media\/354"}],"wp:attachment":[{"href":"https:\/\/innovationshopweb.com\/index.php\/wp-json\/wp\/v2\/media?parent=358"}],"wp:term":[{"taxonomy":"product_brand","embeddable":true,"href":"https:\/\/innovationshopweb.com\/index.php\/wp-json\/wp\/v2\/product_brand?post=358"},{"taxonomy":"product_cat","embeddable":true,"href":"https:\/\/innovationshopweb.com\/index.php\/wp-json\/wp\/v2\/product_cat?post=358"},{"taxonomy":"product_tag","embeddable":true,"href":"https:\/\/innovationshopweb.com\/index.php\/wp-json\/wp\/v2\/product_tag?post=358"}],"curies":[{"name":"wp","href":"https:\/\/api.w.org\/{rel}","templated":true}]}}