{"id":370,"date":"2025-10-29T11:20:21","date_gmt":"2025-10-29T11:20:21","guid":{"rendered":"https:\/\/innovationshopweb.com\/?post_type=product&#038;p=370"},"modified":"2025-10-29T11:20:21","modified_gmt":"2025-10-29T11:20:21","slug":"manette-de-jeu","status":"publish","type":"product","link":"https:\/\/innovationshopweb.com\/index.php\/product\/manette-de-jeu\/","title":{"rendered":"MANETTE DE JEU"},"content":{"rendered":"<p>Faites plaisir \u00e0 vos proches en cette p\u00e9riode de fin d&#8217;ann\u00e9e, vacances.<\/p>\n","protected":false},"excerpt":{"rendered":"<p>Faites plaisir \u00e0 vos proches en cette p\u00e9riode de fin d&#8217;ann\u00e9e, vacances.<\/p>\n","protected":false},"featured_media":347,"comment_status":"open","ping_status":"closed","template":"","meta":[],"product_brand":[],"product_cat":[21],"product_tag":[],"class_list":{"0":"post-370","1":"product","2":"type-product","3":"status-publish","4":"has-post-thumbnail","6":"product_cat-produits-tech","8":"first","9":"instock","10":"sale","11":"shipping-taxable","12":"purchasable","13":"product-type-simple"},"_links":{"self":[{"href":"https:\/\/innovationshopweb.com\/index.php\/wp-json\/wp\/v2\/product\/370","targetHints":{"allow":["GET"]}}],"collection":[{"href":"https:\/\/innovationshopweb.com\/index.php\/wp-json\/wp\/v2\/product"}],"about":[{"href":"https:\/\/innovationshopweb.com\/index.php\/wp-json\/wp\/v2\/types\/product"}],"replies":[{"embeddable":true,"href":"https:\/\/innovationshopweb.com\/index.php\/wp-json\/wp\/v2\/comments?post=370"}],"wp:featuredmedia":[{"embeddable":true,"href":"https:\/\/innovationshopweb.com\/index.php\/wp-json\/wp\/v2\/media\/347"}],"wp:attachment":[{"href":"https:\/\/innovationshopweb.com\/index.php\/wp-json\/wp\/v2\/media?parent=370"}],"wp:term":[{"taxonomy":"product_brand","embeddable":true,"href":"https:\/\/innovationshopweb.com\/index.php\/wp-json\/wp\/v2\/product_brand?post=370"},{"taxonomy":"product_cat","embeddable":true,"href":"https:\/\/innovationshopweb.com\/index.php\/wp-json\/wp\/v2\/product_cat?post=370"},{"taxonomy":"product_tag","embeddable":true,"href":"https:\/\/innovationshopweb.com\/index.php\/wp-json\/wp\/v2\/product_tag?post=370"}],"curies":[{"name":"wp","href":"https:\/\/api.w.org\/{rel}","templated":true}]}}