{"id":376,"date":"2025-10-29T11:40:22","date_gmt":"2025-10-29T11:40:22","guid":{"rendered":"https:\/\/innovationshopweb.com\/?post_type=product&#038;p=376"},"modified":"2025-10-29T11:40:23","modified_gmt":"2025-10-29T11:40:23","slug":"camera-ip-wifi-2-objectifs","status":"publish","type":"product","link":"https:\/\/innovationshopweb.com\/index.php\/product\/camera-ip-wifi-2-objectifs\/","title":{"rendered":"CAMERA IP WIFI 2 OBJECTIFS"},"content":{"rendered":"<p>Cam\u00e9ra IP Wifi int\u00e9rieure pour surveiller votre maison, bureau, ou commerce en toute tranquillit\u00e9.<\/p>\n<p>Prix tr\u00e8s accessible<\/p>\n","protected":false},"excerpt":{"rendered":"<p>Cam\u00e9ra IP Wifi int\u00e9rieure pour surveiller votre maison, bureau, ou commerce en toute tranquillit\u00e9. Prix tr\u00e8s accessible<\/p>\n","protected":false},"featured_media":312,"comment_status":"open","ping_status":"closed","template":"","meta":[],"product_brand":[],"product_cat":[21],"product_tag":[],"class_list":{"0":"post-376","1":"product","2":"type-product","3":"status-publish","4":"has-post-thumbnail","6":"product_cat-produits-tech","8":"first","9":"instock","10":"sale","11":"shipping-taxable","12":"purchasable","13":"product-type-simple"},"_links":{"self":[{"href":"https:\/\/innovationshopweb.com\/index.php\/wp-json\/wp\/v2\/product\/376","targetHints":{"allow":["GET"]}}],"collection":[{"href":"https:\/\/innovationshopweb.com\/index.php\/wp-json\/wp\/v2\/product"}],"about":[{"href":"https:\/\/innovationshopweb.com\/index.php\/wp-json\/wp\/v2\/types\/product"}],"replies":[{"embeddable":true,"href":"https:\/\/innovationshopweb.com\/index.php\/wp-json\/wp\/v2\/comments?post=376"}],"wp:featuredmedia":[{"embeddable":true,"href":"https:\/\/innovationshopweb.com\/index.php\/wp-json\/wp\/v2\/media\/312"}],"wp:attachment":[{"href":"https:\/\/innovationshopweb.com\/index.php\/wp-json\/wp\/v2\/media?parent=376"}],"wp:term":[{"taxonomy":"product_brand","embeddable":true,"href":"https:\/\/innovationshopweb.com\/index.php\/wp-json\/wp\/v2\/product_brand?post=376"},{"taxonomy":"product_cat","embeddable":true,"href":"https:\/\/innovationshopweb.com\/index.php\/wp-json\/wp\/v2\/product_cat?post=376"},{"taxonomy":"product_tag","embeddable":true,"href":"https:\/\/innovationshopweb.com\/index.php\/wp-json\/wp\/v2\/product_tag?post=376"}],"curies":[{"name":"wp","href":"https:\/\/api.w.org\/{rel}","templated":true}]}}