{"id":411,"date":"2025-10-29T13:02:30","date_gmt":"2025-10-29T13:02:30","guid":{"rendered":"https:\/\/innovationshopweb.com\/?post_type=product&#038;p=411"},"modified":"2025-10-29T13:02:30","modified_gmt":"2025-10-29T13:02:30","slug":"pave-numerque","status":"publish","type":"product","link":"https:\/\/innovationshopweb.com\/index.php\/product\/pave-numerque\/","title":{"rendered":"PAVE NUMERQUE"},"content":{"rendered":"<p>Controle d&#8217;acc\u00e9s d&#8217;ouverture de portes ( empreinte digitale, badge et code ) avec possibilit\u00e9 de la coupler avec nos serrures \u00e9lectriques.<\/p>\n","protected":false},"excerpt":{"rendered":"<p>Controle d&#8217;acc\u00e9s d&#8217;ouverture de portes ( empreinte digitale, badge et code ) avec possibilit\u00e9 de la coupler avec nos serrures \u00e9lectriques.<\/p>\n","protected":false},"featured_media":325,"comment_status":"open","ping_status":"closed","template":"","meta":[],"product_brand":[],"product_cat":[21],"product_tag":[],"class_list":{"0":"post-411","1":"product","2":"type-product","3":"status-publish","4":"has-post-thumbnail","6":"product_cat-produits-tech","8":"first","9":"instock","10":"sale","11":"shipping-taxable","12":"purchasable","13":"product-type-simple"},"_links":{"self":[{"href":"https:\/\/innovationshopweb.com\/index.php\/wp-json\/wp\/v2\/product\/411","targetHints":{"allow":["GET"]}}],"collection":[{"href":"https:\/\/innovationshopweb.com\/index.php\/wp-json\/wp\/v2\/product"}],"about":[{"href":"https:\/\/innovationshopweb.com\/index.php\/wp-json\/wp\/v2\/types\/product"}],"replies":[{"embeddable":true,"href":"https:\/\/innovationshopweb.com\/index.php\/wp-json\/wp\/v2\/comments?post=411"}],"wp:featuredmedia":[{"embeddable":true,"href":"https:\/\/innovationshopweb.com\/index.php\/wp-json\/wp\/v2\/media\/325"}],"wp:attachment":[{"href":"https:\/\/innovationshopweb.com\/index.php\/wp-json\/wp\/v2\/media?parent=411"}],"wp:term":[{"taxonomy":"product_brand","embeddable":true,"href":"https:\/\/innovationshopweb.com\/index.php\/wp-json\/wp\/v2\/product_brand?post=411"},{"taxonomy":"product_cat","embeddable":true,"href":"https:\/\/innovationshopweb.com\/index.php\/wp-json\/wp\/v2\/product_cat?post=411"},{"taxonomy":"product_tag","embeddable":true,"href":"https:\/\/innovationshopweb.com\/index.php\/wp-json\/wp\/v2\/product_tag?post=411"}],"curies":[{"name":"wp","href":"https:\/\/api.w.org\/{rel}","templated":true}]}}