{"id":413,"date":"2025-10-29T13:10:03","date_gmt":"2025-10-29T13:10:03","guid":{"rendered":"https:\/\/innovationshopweb.com\/?post_type=product&#038;p=413"},"modified":"2025-10-29T13:10:03","modified_gmt":"2025-10-29T13:10:03","slug":"box-android-tv-2","status":"publish","type":"product","link":"https:\/\/innovationshopweb.com\/index.php\/product\/box-android-tv-2\/","title":{"rendered":"BOX ANDROID TV"},"content":{"rendered":"<p>Cette BOX de 8Go de ROM et 1Go de RAM vous permet de convertir votre t\u00e9l\u00e9viseur simple en Android avec possibilit\u00e9 d&#8217;un abonnement IPTV<\/p>\n","protected":false},"excerpt":{"rendered":"<p>Cette BOX de 8Go de ROM et 1Go de RAM vous permet de convertir votre t\u00e9l\u00e9viseur simple en Android avec possibilit\u00e9 d&#8217;un abonnement IPTV<\/p>\n","protected":false},"featured_media":323,"comment_status":"open","ping_status":"closed","template":"","meta":[],"product_brand":[],"product_cat":[21],"product_tag":[],"class_list":{"0":"post-413","1":"product","2":"type-product","3":"status-publish","4":"has-post-thumbnail","6":"product_cat-produits-tech","8":"first","9":"instock","10":"sale","11":"shipping-taxable","12":"purchasable","13":"product-type-simple"},"_links":{"self":[{"href":"https:\/\/innovationshopweb.com\/index.php\/wp-json\/wp\/v2\/product\/413","targetHints":{"allow":["GET"]}}],"collection":[{"href":"https:\/\/innovationshopweb.com\/index.php\/wp-json\/wp\/v2\/product"}],"about":[{"href":"https:\/\/innovationshopweb.com\/index.php\/wp-json\/wp\/v2\/types\/product"}],"replies":[{"embeddable":true,"href":"https:\/\/innovationshopweb.com\/index.php\/wp-json\/wp\/v2\/comments?post=413"}],"wp:featuredmedia":[{"embeddable":true,"href":"https:\/\/innovationshopweb.com\/index.php\/wp-json\/wp\/v2\/media\/323"}],"wp:attachment":[{"href":"https:\/\/innovationshopweb.com\/index.php\/wp-json\/wp\/v2\/media?parent=413"}],"wp:term":[{"taxonomy":"product_brand","embeddable":true,"href":"https:\/\/innovationshopweb.com\/index.php\/wp-json\/wp\/v2\/product_brand?post=413"},{"taxonomy":"product_cat","embeddable":true,"href":"https:\/\/innovationshopweb.com\/index.php\/wp-json\/wp\/v2\/product_cat?post=413"},{"taxonomy":"product_tag","embeddable":true,"href":"https:\/\/innovationshopweb.com\/index.php\/wp-json\/wp\/v2\/product_tag?post=413"}],"curies":[{"name":"wp","href":"https:\/\/api.w.org\/{rel}","templated":true}]}}