{"id":415,"date":"2025-10-29T13:17:23","date_gmt":"2025-10-29T13:17:23","guid":{"rendered":"https:\/\/innovationshopweb.com\/?post_type=product&#038;p=415"},"modified":"2025-10-29T13:17:23","modified_gmt":"2025-10-29T13:17:23","slug":"mini-videophone-wifi-2","status":"publish","type":"product","link":"https:\/\/innovationshopweb.com\/index.php\/product\/mini-videophone-wifi-2\/","title":{"rendered":"MINI VIDEOPHONE WIFI"},"content":{"rendered":"<p>Identifier la personne qui sonne chez vous depuis votre t\u00e9l\u00e9phone mobile, elle enregistre \u00e0 travers une carte m\u00e9moire.<\/p>\n","protected":false},"excerpt":{"rendered":"<p>Identifier la personne qui sonne chez vous depuis votre t\u00e9l\u00e9phone mobile, elle enregistre \u00e0 travers une carte m\u00e9moire.<\/p>\n","protected":false},"featured_media":321,"comment_status":"open","ping_status":"closed","template":"","meta":[],"product_brand":[],"product_cat":[21],"product_tag":[],"class_list":{"0":"post-415","1":"product","2":"type-product","3":"status-publish","4":"has-post-thumbnail","6":"product_cat-produits-tech","8":"first","9":"instock","10":"sale","11":"shipping-taxable","12":"purchasable","13":"product-type-simple"},"_links":{"self":[{"href":"https:\/\/innovationshopweb.com\/index.php\/wp-json\/wp\/v2\/product\/415","targetHints":{"allow":["GET"]}}],"collection":[{"href":"https:\/\/innovationshopweb.com\/index.php\/wp-json\/wp\/v2\/product"}],"about":[{"href":"https:\/\/innovationshopweb.com\/index.php\/wp-json\/wp\/v2\/types\/product"}],"replies":[{"embeddable":true,"href":"https:\/\/innovationshopweb.com\/index.php\/wp-json\/wp\/v2\/comments?post=415"}],"wp:featuredmedia":[{"embeddable":true,"href":"https:\/\/innovationshopweb.com\/index.php\/wp-json\/wp\/v2\/media\/321"}],"wp:attachment":[{"href":"https:\/\/innovationshopweb.com\/index.php\/wp-json\/wp\/v2\/media?parent=415"}],"wp:term":[{"taxonomy":"product_brand","embeddable":true,"href":"https:\/\/innovationshopweb.com\/index.php\/wp-json\/wp\/v2\/product_brand?post=415"},{"taxonomy":"product_cat","embeddable":true,"href":"https:\/\/innovationshopweb.com\/index.php\/wp-json\/wp\/v2\/product_cat?post=415"},{"taxonomy":"product_tag","embeddable":true,"href":"https:\/\/innovationshopweb.com\/index.php\/wp-json\/wp\/v2\/product_tag?post=415"}],"curies":[{"name":"wp","href":"https:\/\/api.w.org\/{rel}","templated":true}]}}