{"id":417,"date":"2025-10-29T13:24:54","date_gmt":"2025-10-29T13:24:54","guid":{"rendered":"https:\/\/innovationshopweb.com\/?post_type=product&#038;p=417"},"modified":"2025-10-29T13:26:10","modified_gmt":"2025-10-29T13:26:10","slug":"417","status":"publish","type":"product","link":"https:\/\/innovationshopweb.com\/index.php\/product\/417\/","title":{"rendered":"SERRURE A VERROUILLAGE ELECTRONIQUE ET MANUELLE"},"content":{"rendered":"<p>S\u00e9curisez vos biens avec cette serrure \u00e0 verrouillage \u00e9lectronique et manuel, avec badge.<\/p>\n<p>Avec possibilit\u00e9 de la coupler avec un bouton contact ou une vid\u00e9ophone pour ouvrir la porte aux visiteurs sans pour autant se deplacer ver la porte.<\/p>\n","protected":false},"excerpt":{"rendered":"<p>S\u00e9curisez vos biens avec cette serrure \u00e0 verrouillage \u00e9lectronique et manuel, avec badge. Avec possibilit\u00e9 de la coupler avec un bouton contact ou une vid\u00e9ophone pour ouvrir la porte aux visiteurs sans pour autant se deplacer ver la porte.<\/p>\n","protected":false},"featured_media":318,"comment_status":"open","ping_status":"closed","template":"","meta":[],"product_brand":[],"product_cat":[21],"product_tag":[],"class_list":{"0":"post-417","1":"product","2":"type-product","3":"status-publish","4":"has-post-thumbnail","6":"product_cat-produits-tech","8":"first","9":"instock","10":"sale","11":"shipping-taxable","12":"purchasable","13":"product-type-simple"},"_links":{"self":[{"href":"https:\/\/innovationshopweb.com\/index.php\/wp-json\/wp\/v2\/product\/417","targetHints":{"allow":["GET"]}}],"collection":[{"href":"https:\/\/innovationshopweb.com\/index.php\/wp-json\/wp\/v2\/product"}],"about":[{"href":"https:\/\/innovationshopweb.com\/index.php\/wp-json\/wp\/v2\/types\/product"}],"replies":[{"embeddable":true,"href":"https:\/\/innovationshopweb.com\/index.php\/wp-json\/wp\/v2\/comments?post=417"}],"wp:featuredmedia":[{"embeddable":true,"href":"https:\/\/innovationshopweb.com\/index.php\/wp-json\/wp\/v2\/media\/318"}],"wp:attachment":[{"href":"https:\/\/innovationshopweb.com\/index.php\/wp-json\/wp\/v2\/media?parent=417"}],"wp:term":[{"taxonomy":"product_brand","embeddable":true,"href":"https:\/\/innovationshopweb.com\/index.php\/wp-json\/wp\/v2\/product_brand?post=417"},{"taxonomy":"product_cat","embeddable":true,"href":"https:\/\/innovationshopweb.com\/index.php\/wp-json\/wp\/v2\/product_cat?post=417"},{"taxonomy":"product_tag","embeddable":true,"href":"https:\/\/innovationshopweb.com\/index.php\/wp-json\/wp\/v2\/product_tag?post=417"}],"curies":[{"name":"wp","href":"https:\/\/api.w.org\/{rel}","templated":true}]}}