{"id":482,"date":"2025-11-20T13:38:30","date_gmt":"2025-11-20T13:38:30","guid":{"rendered":"https:\/\/innovationshopweb.com\/?post_type=product&#038;p=482"},"modified":"2025-11-20T13:38:38","modified_gmt":"2025-11-20T13:38:38","slug":"gps-tracker","status":"publish","type":"product","link":"https:\/\/innovationshopweb.com\/index.php\/product\/gps-tracker\/","title":{"rendered":"GPS TRACKER"},"content":{"rendered":"<p>GPS TRACKER pour localiser et suivi du trajet sur une dur\u00e9e d\u00e9termin\u00e9e, efficace contre les vols de v\u00e9hicules et les chauffeurs v\u00e9reux.<\/p>\n","protected":false},"excerpt":{"rendered":"<p>GPS TRACKER pour localiser et suivi du trajet sur une dur\u00e9e d\u00e9termin\u00e9e, efficace contre les vols de v\u00e9hicules et les chauffeurs v\u00e9reux.<\/p>\n","protected":false},"featured_media":483,"comment_status":"open","ping_status":"closed","template":"","meta":[],"product_brand":[],"product_cat":[21],"product_tag":[],"class_list":{"0":"post-482","1":"product","2":"type-product","3":"status-publish","4":"has-post-thumbnail","6":"product_cat-produits-tech","8":"first","9":"instock","10":"sale","11":"shipping-taxable","12":"purchasable","13":"product-type-simple"},"_links":{"self":[{"href":"https:\/\/innovationshopweb.com\/index.php\/wp-json\/wp\/v2\/product\/482","targetHints":{"allow":["GET"]}}],"collection":[{"href":"https:\/\/innovationshopweb.com\/index.php\/wp-json\/wp\/v2\/product"}],"about":[{"href":"https:\/\/innovationshopweb.com\/index.php\/wp-json\/wp\/v2\/types\/product"}],"replies":[{"embeddable":true,"href":"https:\/\/innovationshopweb.com\/index.php\/wp-json\/wp\/v2\/comments?post=482"}],"wp:featuredmedia":[{"embeddable":true,"href":"https:\/\/innovationshopweb.com\/index.php\/wp-json\/wp\/v2\/media\/483"}],"wp:attachment":[{"href":"https:\/\/innovationshopweb.com\/index.php\/wp-json\/wp\/v2\/media?parent=482"}],"wp:term":[{"taxonomy":"product_brand","embeddable":true,"href":"https:\/\/innovationshopweb.com\/index.php\/wp-json\/wp\/v2\/product_brand?post=482"},{"taxonomy":"product_cat","embeddable":true,"href":"https:\/\/innovationshopweb.com\/index.php\/wp-json\/wp\/v2\/product_cat?post=482"},{"taxonomy":"product_tag","embeddable":true,"href":"https:\/\/innovationshopweb.com\/index.php\/wp-json\/wp\/v2\/product_tag?post=482"}],"curies":[{"name":"wp","href":"https:\/\/api.w.org\/{rel}","templated":true}]}}